{"id":9,"date":"2017-09-13T12:17:51","date_gmt":"2017-09-13T12:17:51","guid":{"rendered":"http:\/\/almutrudolf.de\/?page_id=9"},"modified":"2021-06-07T20:54:06","modified_gmt":"2021-06-07T20:54:06","slug":"impressum","status":"publish","type":"page","link":"https:\/\/almutrudolf.de\/?page_id=9","title":{"rendered":"Impressum \/ Datenschutz"},"content":{"rendered":"<div class=\"vc_row wpb_row vc_row-fluid\">\n<div class=\"wpb_column vc_column_container vc_col-sm-12\">\n<div class=\"vc_column-inner \">\n<div class=\"wpb_wrapper\">\n<h2 class=\"vc_custom_heading\">Impressum<\/h2>\n<\/div>\n<\/div>\n<\/div>\n<\/div>\n<div class=\"vc_row wpb_row vc_row-fluid\">\n<div class=\"wpb_column vc_column_container vc_col-sm-12\">\n<div class=\"vc_column-inner \">\n<div class=\"wpb_wrapper\">\n<div class=\"wpb_text_column wpb_content_element \">\n<div class=\"wpb_wrapper\">\n<p>Inhaltlich Verantwortlicher gem\u00e4\u00df \u00a7 10 Absatz 3 MDStV:<\/p>\n<p>Almut Rudolf-Petersen<br \/>\nSemperstra\u00dfe 24<br \/>\n22303 Hamburg.<\/p>\n<p>Telefon: 040\/38 08\u00a0 68 78<br \/>\nEmail: <a href=\"mailto:info@almutrudolf.de\">info@almutrudolf.de<\/a><\/p>\n<p>Aufsichtsbeh\u00f6rde:<br \/>\nPsychotherapeutenkammer<br \/>\nHallerstra\u00dfe 61<\/p>\n<p>22146 Hamburg,<br \/>\nTel: 040\/226 226 060<\/p>\n<h3>Haftung f\u00fcr Inhalte<\/h3>\n<p>Die Inhalte unserer Seiten wurden mit gr\u00f6\u00dfter Sorgfalt erstellt. F\u00fcr die Richtigkeit, Vollst\u00e4ndigkeit und Aktualit\u00e4t der Inhalte k\u00f6nnen wir jedoch keine Gew\u00e4hr \u00fcbernehmen.<\/p>\n<p>Als Diensteanbieter sind wir gem\u00e4\u00df \u00a7 7 Abs.1 TMG f\u00fcr eigene Inhalte auf diesen Seiten nach den allgemeinen Gesetzen verantwortlich. Nach \u00a7\u00a7 8 bis 10 TMG sind wir als Diensteanbieter jedoch nicht verpflichtet, \u00fcbermittelte oder gespeicherte fremde Informationen zu \u00fcberwachen oder nach Umst\u00e4nden zu forschen, die auf eine rechtswidrige T\u00e4tigkeit hinweisen. Verpflichtungen zur Entfernung oder Sperrung der Nutzung von Informationen nach den allgemeinen Gesetzen bleiben hiervon unber\u00fchrt. Eine diesbez\u00fcgliche Haftung ist jedoch erst ab dem Zeitpunkt der Kenntnis einer konkreten Rechtsverletzung m\u00f6glich. Bei bekannt werden von entsprechenden Rechtsverletzungen werden wir diese Inhalte umgehend entfernen.<\/p>\n<h3>Haftung f\u00fcr Links<\/h3>\n<p>Unser Angebot enth\u00e4lt Links zu externen Webseiten Dritter, auf deren Inhalte wir keinen Einfluss haben. Deshalb k\u00f6nnen wir f\u00fcr diese fremden Inhalte auch keine Gew\u00e4hr \u00fcbernehmen. F\u00fcr die Inhalte der verlinkten Seiten ist stets der jeweilige Anbieter oder Betreiber der Seiten verantwortlich. Die verlinkten Seiten wurden zum Zeitpunkt der Verlinkung auf m\u00f6gliche Rechtsverst\u00f6\u00dfe \u00fcberpr\u00fcft. Rechtswidrige Inhalte waren zum Zeitpunkt der Verlinkung nicht erkennbar. Eine permanente inhaltliche Kontrolle der verlinkten Seiten ist jedoch ohne konkrete Anhaltspunkte einer Rechtsverletzung nicht zumutbar. Bei bekannt werden von Rechtsverletzungen werden wir derartige Links umgehend entfernen.<\/p>\n<h3>Urheberrecht<\/h3>\n<p>Die durch die Seitenbetreiber erstellten Inhalte und Werke auf diesen Seiten unterliegen dem deutschen Urheberrecht. Beitr\u00e4ge Dritter sind als solche gekennzeichnet. Die Vervielf\u00e4ltigung, Bearbeitung, Verbreitung und jede Art der Verwertung au\u00dferhalb der Grenzen des Urheberrechtes bed\u00fcrfen der schriftlichen Zustimmung des jeweiligen Autors bzw. Erstellers. Downloads und Kopien dieser Seite sind nur f\u00fcr den privaten, nicht kommerziellen Gebrauch gestattet.<\/p>\n<p>Die Betreiber der Seiten sind bem\u00fcht, stets die Urheberrechte anderer zu beachten bzw. auf selbst erstellte sowie lizenzfreie Werke zur\u00fcckzugreifen.<\/p>\n<h3>Datenschutz<\/h3>\n<p>Wenn Sie uns eine E-Mail senden, so wird Ihre E-Mail-Adresse nur f\u00fcr die Korrespondenz mit Ihnen verwendet. Eine anderweitige Nutzung oder Weitergabe an Dritte erfolgt nicht.<\/p>\n<p>Wir speichern auf Ihrer Festplatte so genannte Session-Cookies, die nur f\u00fcr die Dauer Ihres Besuches auf unserer Web-Site G\u00fcltigkeit besitzen. Diese werden ben\u00f6tigt, um Sie nach erfolgreicher Anmeldung im gesch\u00fctzten Bereich f\u00fcr die gesamte Dauer Ihres Besuches zu identifizieren und autorisieren. Nach Ende Ihres Besuches werden diese Cookies automatisch von Ihrer Festplatte wieder gel\u00f6scht.<\/p>\n<p>Wir sammeln keinerlei personenbezogene Daten \u00fcber die Besucher unserer Web-Site. Unser Service-Provider speichert von Ihrem Besuch je nach verwendetem Zugriffsprotokoll Datum und Uhrzeit der Anforderung, vom anfordernden Rechner gew\u00fcnschte Zugriffsmethode\/Funktion, vom anfordernden Rechner \u00fcbermittelte Eingabewerte (Dateiname, \u2026), Zugriffsstatus des Web-Servers (Datei \u00fcbertragen, Datei nicht gefunden, Kommando nicht ausgef\u00fchrt, etc.) sowie Name der angeforderten Datei. Nicht gespeichert wird die IP-Adresse des Rechners, von dem die Anfrage abgeschickt wurde. Der Service-Provider \u00fcbergibt uns lediglich aggregierte Information \u00fcber die Anzahl der Besucher bezogen auf den Dom\u00e4nen-Namen.<\/p>\n<p>Sie haben das Recht, auf Antrag unentgeltlich Auskunft zu erhalten \u00fcber die \u00fcber Sie gespeicherten personenbezogenen Daten. Zus\u00e4tzlich haben Sie das Recht auf Berichtigung unrichtiger Daten, Sperrung und L\u00f6schung.<\/p>\n<p>Ihre hiermit erhobenen personenbezogenen Daten werden au\u00dfer aufgrund evtl. gesetzlicher Verpflichtung nicht weitergegeben und f\u00fcr keine anderen Zwecke als die oben genannten verwendet.<\/p>\n<p>Wenn Sie innerhalb dieses Angebotes Seiten und Dateien abrufen und dabei aufgefordert werden, Daten \u00fcber sich einzugeben, so weisen wir darauf hin, dass diese Daten\u00fcbertragung \u00fcber das Internet ungesichert erfolgt und die Daten somit von Unbefugten zur Kenntnis genommen oder auch verf\u00e4lscht werden k\u00f6nnen.<\/p>\n<p>Wenn Sie eine E-Mail mit schutzw\u00fcrdigem Inhalt an uns senden wollen, so empfehlen wir dringend, diese zu verschl\u00fcsseln, um eine unbefugte Kenntnisnahme und Verf\u00e4lschung auf dem \u00dcbertragungsweg zu verhindern.<\/p>\n<\/div>\n<\/div>\n<\/div>\n<\/div>\n<\/div>\n<\/div>\n","protected":false},"excerpt":{"rendered":"<p>Impressum Inhaltlich Verantwortlicher gem\u00e4\u00df \u00a7 10 Absatz 3 MDStV: Almut Rudolf-Petersen Semperstra\u00dfe 24 22303 Hamburg. Telefon: 040\/38 08\u00a0 68 78 Email: info@almutrudolf.de Aufsichtsbeh\u00f6rde: Psychotherapeutenkammer Hallerstra\u00dfe 61 22146 Hamburg, Tel: 040\/226 226 060 Haftung f\u00fcr Inhalte Die Inhalte unserer Seiten wurden mit gr\u00f6\u00dfter Sorgfalt erstellt. F\u00fcr die Richtigkeit, Vollst\u00e4ndigkeit und Aktualit\u00e4t der Inhalte k\u00f6nnen wir jedoch &hellip; <\/p>\n<p class=\"link-more\"><a href=\"https:\/\/almutrudolf.de\/?page_id=9\" class=\"more-link\"><span class=\"screen-reader-text\">\u201eImpressum \/ Datenschutz\u201c<\/span> weiterlesen<\/a><\/p>\n","protected":false},"author":1,"featured_media":0,"parent":0,"menu_order":0,"comment_status":"closed","ping_status":"closed","template":"","meta":[],"_links":{"self":[{"href":"https:\/\/almutrudolf.de\/index.php?rest_route=\/wp\/v2\/pages\/9"}],"collection":[{"href":"https:\/\/almutrudolf.de\/index.php?rest_route=\/wp\/v2\/pages"}],"about":[{"href":"https:\/\/almutrudolf.de\/index.php?rest_route=\/wp\/v2\/types\/page"}],"author":[{"embeddable":true,"href":"https:\/\/almutrudolf.de\/index.php?rest_route=\/wp\/v2\/users\/1"}],"replies":[{"embeddable":true,"href":"https:\/\/almutrudolf.de\/index.php?rest_route=%2Fwp%2Fv2%2Fcomments&post=9"}],"version-history":[{"count":9,"href":"https:\/\/almutrudolf.de\/index.php?rest_route=\/wp\/v2\/pages\/9\/revisions"}],"predecessor-version":[{"id":34,"href":"https:\/\/almutrudolf.de\/index.php?rest_route=\/wp\/v2\/pages\/9\/revisions\/34"}],"wp:attachment":[{"href":"https:\/\/almutrudolf.de\/index.php?rest_route=%2Fwp%2Fv2%2Fmedia&parent=9"}],"curies":[{"name":"wp","href":"https:\/\/api.w.org\/{rel}","templated":true}]}}